{"id":645,"date":"2025-09-18T19:40:45","date_gmt":"2025-09-18T19:40:45","guid":{"rendered":"https:\/\/continentalpearls.be\/site\/?page_id=645"},"modified":"2025-10-20T13:38:08","modified_gmt":"2025-10-20T13:38:08","slug":"kweekplaatsen-voor-parels","status":"publish","type":"page","link":"https:\/\/continentalpearls.be\/site-fr\/kweekplaatsen-voor-parels\/","title":{"rendered":"Endroits de culture des perles"},"content":{"rendered":"\n<!-- default-view.php -->\n<div\n\tclass=\"ngg-galleryoverview default-view \"\n\tid=\"ngg-gallery-8f8680dabf790fb711fb909c6dff8ff5-1\">\n\n\t\t<!-- Thumbnails -->\n\t\t\t\t<div id=\"ngg-image-0\" class=\"ngg-gallery-thumbnail-box \" >\n\t\t\t\t        <div class=\"ngg-gallery-thumbnail\">\n            <a href=\"https:\/\/continentalpearls.be\/site-fr\/wp-content\/gallery\/kweekplaatsen-voor-parels\/img-b754.jpg\"\n               title=\"\"\n               data-src=\"https:\/\/continentalpearls.be\/site-fr\/wp-content\/gallery\/kweekplaatsen-voor-parels\/img-b754.jpg\"\n               data-thumbnail=\"https:\/\/continentalpearls.be\/site-fr\/wp-content\/gallery\/kweekplaatsen-voor-parels\/thumbs\/thumbs_img-b754.jpg\"\n               data-image-id=\"159\"\n               data-title=\"img-b754\"\n               data-description=\"\"\n               data-image-slug=\"img-b754\"\n               class=\"ngg-simplelightbox\" rel=\"8f8680dabf790fb711fb909c6dff8ff5\">\n                <img\n                    title=\"img-b754\"\n                    alt=\"img-b754\"\n                    src=\"https:\/\/continentalpearls.be\/site-fr\/wp-content\/gallery\/kweekplaatsen-voor-parels\/thumbs\/thumbs_img-b754.jpg\"\n                    width=\"240\"\n                    height=\"160\"\n                    style=\"max-width:100%;\"\n                \/>\n            <\/a>\n        <\/div>\n\t\t\t\t\t\t\t<\/div> \n\t\t\t\n\t\t\t\t<div id=\"ngg-image-1\" class=\"ngg-gallery-thumbnail-box \" >\n\t\t\t\t        <div class=\"ngg-gallery-thumbnail\">\n            <a href=\"https:\/\/continentalpearls.be\/site-fr\/wp-content\/gallery\/kweekplaatsen-voor-parels\/img-b745.jpg\"\n               title=\"\"\n               data-src=\"https:\/\/continentalpearls.be\/site-fr\/wp-content\/gallery\/kweekplaatsen-voor-parels\/img-b745.jpg\"\n               data-thumbnail=\"https:\/\/continentalpearls.be\/site-fr\/wp-content\/gallery\/kweekplaatsen-voor-parels\/thumbs\/thumbs_img-b745.jpg\"\n               data-image-id=\"158\"\n               data-title=\"img-b745\"\n               data-description=\"\"\n               data-image-slug=\"img-b745\"\n               class=\"ngg-simplelightbox\" rel=\"8f8680dabf790fb711fb909c6dff8ff5\">\n                <img\n                    title=\"img-b745\"\n                    alt=\"img-b745\"\n                    src=\"https:\/\/continentalpearls.be\/site-fr\/wp-content\/gallery\/kweekplaatsen-voor-parels\/thumbs\/thumbs_img-b745.jpg\"\n                    width=\"240\"\n                    height=\"160\"\n                    style=\"max-width:100%;\"\n                \/>\n            <\/a>\n        <\/div>\n\t\t\t\t\t\t\t<\/div> \n\t\t\t\n\t\t\t\t<div id=\"ngg-image-2\" class=\"ngg-gallery-thumbnail-box \" >\n\t\t\t\t        <div class=\"ngg-gallery-thumbnail\">\n            <a href=\"https:\/\/continentalpearls.be\/site-fr\/wp-content\/gallery\/kweekplaatsen-voor-parels\/img-b748.jpg\"\n               title=\"\"\n               data-src=\"https:\/\/continentalpearls.be\/site-fr\/wp-content\/gallery\/kweekplaatsen-voor-parels\/img-b748.jpg\"\n               data-thumbnail=\"https:\/\/continentalpearls.be\/site-fr\/wp-content\/gallery\/kweekplaatsen-voor-parels\/thumbs\/thumbs_img-b748.jpg\"\n               data-image-id=\"157\"\n               data-title=\"img-b748\"\n               data-description=\"\"\n               data-image-slug=\"img-b748\"\n               class=\"ngg-simplelightbox\" rel=\"8f8680dabf790fb711fb909c6dff8ff5\">\n                <img\n                    title=\"img-b748\"\n                    alt=\"img-b748\"\n                    src=\"https:\/\/continentalpearls.be\/site-fr\/wp-content\/gallery\/kweekplaatsen-voor-parels\/thumbs\/thumbs_img-b748.jpg\"\n                    width=\"240\"\n                    height=\"160\"\n                    style=\"max-width:100%;\"\n                \/>\n            <\/a>\n        <\/div>\n\t\t\t\t\t\t\t<\/div> \n\t\t\t\n\t\t\t\t<div id=\"ngg-image-3\" class=\"ngg-gallery-thumbnail-box \" >\n\t\t\t\t        <div class=\"ngg-gallery-thumbnail\">\n            <a href=\"https:\/\/continentalpearls.be\/site-fr\/wp-content\/gallery\/kweekplaatsen-voor-parels\/kaart-parels.gif\"\n               title=\"\"\n               data-src=\"https:\/\/continentalpearls.be\/site-fr\/wp-content\/gallery\/kweekplaatsen-voor-parels\/kaart-parels.gif\"\n               data-thumbnail=\"https:\/\/continentalpearls.be\/site-fr\/wp-content\/gallery\/kweekplaatsen-voor-parels\/thumbs\/thumbs_kaart-parels.gif\"\n               data-image-id=\"160\"\n               data-title=\"kaart-parels\"\n               data-description=\"\"\n               data-image-slug=\"kaart-parels\"\n               class=\"ngg-simplelightbox\" rel=\"8f8680dabf790fb711fb909c6dff8ff5\">\n                <img\n                    title=\"kaart-parels\"\n                    alt=\"kaart-parels\"\n                    src=\"https:\/\/continentalpearls.be\/site-fr\/wp-content\/gallery\/kweekplaatsen-voor-parels\/thumbs\/thumbs_kaart-parels.gif\"\n                    width=\"240\"\n                    height=\"160\"\n                    style=\"max-width:100%;\"\n                \/>\n            <\/a>\n        <\/div>\n\t\t\t\t\t\t\t<\/div> \n\t\t\t\n\t\n\t<br style=\"clear: both\" \/>\n\n\t\n\t\t<!-- Pagination -->\n\t<div class='ngg-clear'><\/div>\t<\/div>\n\n\n\n\n<p>Les perles Akoya sont cultiv\u00e9es dans les fermes perli\u00e8res situ\u00e9es aux c\u00f4tes Japonaises.<\/p>\n\n\n\n<p>Les perles d&#8217;eau douce \u00e9taient cultiv\u00e9es au Japon dans le lac Biwa.  Malheureusement par la pollution d&#8217;eau la culture des perles Biwa s&#8217;est termin\u00e9e d\u00e9j\u00e0 depuis plusieurs ann\u00e9es. Actuellement, les perles d&#8217;eau douce sont de provenance Chinoise.<\/p>\n\n\n\n<p>Les perles les plus pr\u00e9cieuses sont sans doute les perles des Mers du sud. Les meilleures qualit\u00e9s sont r\u00e9colt\u00e9es en Australie ou aux Philippines.<\/p>\n\n\n\n<p>Les perles fonc\u00e9es ou noires sont les perles de Tahiti, qui sont r\u00e9colt\u00e9es en Polynesie Fran\u00e7aise.<\/p>\n","protected":false},"excerpt":{"rendered":"<p>Les perles Akoya sont cultiv\u00e9es dans les fermes perli\u00e8res situ\u00e9es aux c\u00f4tes Japonaises. Les perles d&#8217;eau douce \u00e9taient cultiv\u00e9es au Japon dans le lac Biwa. Malheureusement par la pollution d&#8217;eau la culture des perles Biwa s&#8217;est termin\u00e9e d\u00e9j\u00e0 depuis plusieurs ann\u00e9es. Actuellement, les perles d&#8217;eau douce sont de provenance Chinoise. Les perles les plus pr\u00e9cieuses sont sans doute les perles des Mers du sud. Les meilleures qualit\u00e9s sont r\u00e9colt\u00e9es en Australie ou aux Philippines. Les perles fonc\u00e9es ou noires sont les perles de Tahiti, qui sont r\u00e9colt\u00e9es en Polynesie Fran\u00e7aise.<\/p>\n","protected":false},"author":1,"featured_media":0,"parent":0,"menu_order":0,"comment_status":"closed","ping_status":"closed","template":"","meta":{"ngg_post_thumbnail":0,"footnotes":""},"class_list":["post-645","page","type-page","status-publish","hentry"],"_links":{"self":[{"href":"https:\/\/continentalpearls.be\/site-fr\/wp-json\/wp\/v2\/pages\/645","targetHints":{"allow":["GET"]}}],"collection":[{"href":"https:\/\/continentalpearls.be\/site-fr\/wp-json\/wp\/v2\/pages"}],"about":[{"href":"https:\/\/continentalpearls.be\/site-fr\/wp-json\/wp\/v2\/types\/page"}],"author":[{"embeddable":true,"href":"https:\/\/continentalpearls.be\/site-fr\/wp-json\/wp\/v2\/users\/1"}],"replies":[{"embeddable":true,"href":"https:\/\/continentalpearls.be\/site-fr\/wp-json\/wp\/v2\/comments?post=645"}],"version-history":[{"count":13,"href":"https:\/\/continentalpearls.be\/site-fr\/wp-json\/wp\/v2\/pages\/645\/revisions"}],"predecessor-version":[{"id":1012,"href":"https:\/\/continentalpearls.be\/site-fr\/wp-json\/wp\/v2\/pages\/645\/revisions\/1012"}],"wp:attachment":[{"href":"https:\/\/continentalpearls.be\/site-fr\/wp-json\/wp\/v2\/media?parent=645"}],"curies":[{"name":"wp","href":"https:\/\/api.w.org\/{rel}","templated":true}]}}