{"id":649,"date":"2025-09-18T19:41:52","date_gmt":"2025-09-18T19:41:52","guid":{"rendered":"https:\/\/continentalpearls.be\/site\/?page_id=649"},"modified":"2025-10-20T13:30:31","modified_gmt":"2025-10-20T13:30:31","slug":"tips-voor-onderhoud-en-gebruik-van-parels","status":"publish","type":"page","link":"https:\/\/continentalpearls.be\/site-fr\/tips-voor-onderhoud-en-gebruik-van-parels\/","title":{"rendered":"Conseils d&#8217;entretien"},"content":{"rendered":"\n<!-- default-view.php -->\n<div\n\tclass=\"ngg-galleryoverview default-view \"\n\tid=\"ngg-gallery-844fa634dd5e02fc29b11189b75c8951-1\">\n\n\t\t<!-- Thumbnails -->\n\t\t\t\t<div id=\"ngg-image-0\" class=\"ngg-gallery-thumbnail-box \" >\n\t\t\t\t        <div class=\"ngg-gallery-thumbnail\">\n            <a href=\"https:\/\/continentalpearls.be\/site-fr\/wp-content\/gallery\/tips-voor-onderhoud-en-gebruik-van-parels\/FW-ROUND-G-DSC_0032.jpg\"\n               title=\"\"\n               data-src=\"https:\/\/continentalpearls.be\/site-fr\/wp-content\/gallery\/tips-voor-onderhoud-en-gebruik-van-parels\/FW-ROUND-G-DSC_0032.jpg\"\n               data-thumbnail=\"https:\/\/continentalpearls.be\/site-fr\/wp-content\/gallery\/tips-voor-onderhoud-en-gebruik-van-parels\/thumbs\/thumbs_FW-ROUND-G-DSC_0032.jpg\"\n               data-image-id=\"201\"\n               data-title=\"FW-ROUND-G-DSC_0032\"\n               data-description=\"\"\n               data-image-slug=\"fw-round-g-dsc_0032\"\n               class=\"ngg-simplelightbox\" rel=\"844fa634dd5e02fc29b11189b75c8951\">\n                <img\n                    title=\"FW-ROUND-G-DSC_0032\"\n                    alt=\"FW-ROUND-G-DSC_0032\"\n                    src=\"https:\/\/continentalpearls.be\/site-fr\/wp-content\/gallery\/tips-voor-onderhoud-en-gebruik-van-parels\/thumbs\/thumbs_FW-ROUND-G-DSC_0032.jpg\"\n                    width=\"240\"\n                    height=\"160\"\n                    style=\"max-width:100%;\"\n                \/>\n            <\/a>\n        <\/div>\n\t\t\t\t\t\t\t<\/div> \n\t\t\t\n\t\t\t\t<div id=\"ngg-image-1\" class=\"ngg-gallery-thumbnail-box \" >\n\t\t\t\t        <div class=\"ngg-gallery-thumbnail\">\n            <a href=\"https:\/\/continentalpearls.be\/site-fr\/wp-content\/gallery\/tips-voor-onderhoud-en-gebruik-van-parels\/DSC_0096.jpg\"\n               title=\"\"\n               data-src=\"https:\/\/continentalpearls.be\/site-fr\/wp-content\/gallery\/tips-voor-onderhoud-en-gebruik-van-parels\/DSC_0096.jpg\"\n               data-thumbnail=\"https:\/\/continentalpearls.be\/site-fr\/wp-content\/gallery\/tips-voor-onderhoud-en-gebruik-van-parels\/thumbs\/thumbs_DSC_0096.jpg\"\n               data-image-id=\"203\"\n               data-title=\"DSC_0096\"\n               data-description=\"\"\n               data-image-slug=\"dsc_0096-1\"\n               class=\"ngg-simplelightbox\" rel=\"844fa634dd5e02fc29b11189b75c8951\">\n                <img\n                    title=\"DSC_0096\"\n                    alt=\"DSC_0096\"\n                    src=\"https:\/\/continentalpearls.be\/site-fr\/wp-content\/gallery\/tips-voor-onderhoud-en-gebruik-van-parels\/thumbs\/thumbs_DSC_0096.jpg\"\n                    width=\"240\"\n                    height=\"160\"\n                    style=\"max-width:100%;\"\n                \/>\n            <\/a>\n        <\/div>\n\t\t\t\t\t\t\t<\/div> \n\t\t\t\n\t\t\t\t<div id=\"ngg-image-2\" class=\"ngg-gallery-thumbnail-box \" >\n\t\t\t\t        <div class=\"ngg-gallery-thumbnail\">\n            <a href=\"https:\/\/continentalpearls.be\/site-fr\/wp-content\/gallery\/tips-voor-onderhoud-en-gebruik-van-parels\/AKOYA-G-DSC_0007.jpg\"\n               title=\"\"\n               data-src=\"https:\/\/continentalpearls.be\/site-fr\/wp-content\/gallery\/tips-voor-onderhoud-en-gebruik-van-parels\/AKOYA-G-DSC_0007.jpg\"\n               data-thumbnail=\"https:\/\/continentalpearls.be\/site-fr\/wp-content\/gallery\/tips-voor-onderhoud-en-gebruik-van-parels\/thumbs\/thumbs_AKOYA-G-DSC_0007.jpg\"\n               data-image-id=\"204\"\n               data-title=\"AKOYA-G-DSC_0007\"\n               data-description=\"\"\n               data-image-slug=\"akoya-g-dsc_0007-1\"\n               class=\"ngg-simplelightbox\" rel=\"844fa634dd5e02fc29b11189b75c8951\">\n                <img\n                    title=\"AKOYA-G-DSC_0007\"\n                    alt=\"AKOYA-G-DSC_0007\"\n                    src=\"https:\/\/continentalpearls.be\/site-fr\/wp-content\/gallery\/tips-voor-onderhoud-en-gebruik-van-parels\/thumbs\/thumbs_AKOYA-G-DSC_0007.jpg\"\n                    width=\"240\"\n                    height=\"160\"\n                    style=\"max-width:100%;\"\n                \/>\n            <\/a>\n        <\/div>\n\t\t\t\t\t\t\t<\/div> \n\t\t\t\n\t\t\t\t<div id=\"ngg-image-3\" class=\"ngg-gallery-thumbnail-box \" >\n\t\t\t\t        <div class=\"ngg-gallery-thumbnail\">\n            <a href=\"https:\/\/continentalpearls.be\/site-fr\/wp-content\/gallery\/tips-voor-onderhoud-en-gebruik-van-parels\/SOUTH-SEA-COLLIER-DSC_0004.jpg\"\n               title=\"\"\n               data-src=\"https:\/\/continentalpearls.be\/site-fr\/wp-content\/gallery\/tips-voor-onderhoud-en-gebruik-van-parels\/SOUTH-SEA-COLLIER-DSC_0004.jpg\"\n               data-thumbnail=\"https:\/\/continentalpearls.be\/site-fr\/wp-content\/gallery\/tips-voor-onderhoud-en-gebruik-van-parels\/thumbs\/thumbs_SOUTH-SEA-COLLIER-DSC_0004.jpg\"\n               data-image-id=\"202\"\n               data-title=\"SOUTH-SEA-COLLIER-DSC_0004\"\n               data-description=\"\"\n               data-image-slug=\"south-sea-collier-dsc_0004-1\"\n               class=\"ngg-simplelightbox\" rel=\"844fa634dd5e02fc29b11189b75c8951\">\n                <img\n                    title=\"SOUTH-SEA-COLLIER-DSC_0004\"\n                    alt=\"SOUTH-SEA-COLLIER-DSC_0004\"\n                    src=\"https:\/\/continentalpearls.be\/site-fr\/wp-content\/gallery\/tips-voor-onderhoud-en-gebruik-van-parels\/thumbs\/thumbs_SOUTH-SEA-COLLIER-DSC_0004.jpg\"\n                    width=\"240\"\n                    height=\"160\"\n                    style=\"max-width:100%;\"\n                \/>\n            <\/a>\n        <\/div>\n\t\t\t\t\t\t\t<\/div> \n\t\t\t\n\t\n\t<br style=\"clear: both\" \/>\n\n\t\n\t\t<!-- Pagination -->\n\t<div class='ngg-clear'><\/div>\t<\/div>\n\n\n\n\n<p>Les perles sont une mati\u00e8re organique qui doivent toujours garder une certaine humidit\u00e9. &nbsp;Elles sont plus douces que les m\u00e9taux et les pierres pr\u00e9ciauses et demandent un soin attentif.<\/p>\n\n\n\n<p>Voici quelques conseils pour garder ses perles en bon \u00e9tat.<\/p>\n\n\n\n<p>* On pr\u00e9f\u00e8re un chiffon doux ou une boite perm\u00e9able \u00e0 l&#8217;air (surtout pas en plastique)<\/p>\n\n\n\n<p>* On \u00e9vite le contact directe avec d&#8217;autres m\u00e9taux ou bijoux pour \u00e9viter tout frottement.<\/p>\n\n\n\n<p>* Le plus grand ennemi des perles sont des produits agressifs comme les cosm\u00e9tiques, acides, etc.<\/p>\n\n\n\n<p>* Bien que les perles sortent de la mer, c&#8217;est inutile \u00e0 dire que du sable de la plage entre les perles et surtout le chlore dans l&#8217;eau d&#8217;une piscine sont \u00e0 \u00e9viter. &nbsp;Aussi la &nbsp; &nbsp; &nbsp;combinaison avec le lait ou l&#8217;huile solaire est \u00e0 d\u00e9conseiller.<\/p>\n\n\n\n<p>* Apr\u00e8s les avoir port\u00e9es, il est pr\u00e9f\u00e9rable de les nettoyer avec un chiffon humide, \u00e9ventuellement avec un rien de savon doux. &nbsp;On n&#8217;emploie jamais du d\u00e9tergent &nbsp;(savon de&nbsp;lessive) qui d\u00e9graisse trop.<\/p>\n\n\n\n<p>* On ne trempe jamais un &nbsp;collier dans l&#8217;eau pour \u00e9viter d&#8217;endommager le fil.<\/p>\n\n\n\n<p>* La meilleure fa\u00e7on de nourrir les perles est de les porter.<\/p>\n\n\n\n<p>* On peut lustrer des perles devenues matte avec une goutte de l&#8217;huile d&#8217;amande douce.<\/p>\n\n\n\n<p>* Apr\u00e8s un certain temps il faut r\u00e9enfiler son collier. &nbsp;En moyene il faut compter apr\u00e8s environ 2 ans ou avant si le collier \u00e0 \u00e9t\u00e9 port\u00e9 souvent. &nbsp;On emploie un fil en soie, &nbsp;nou\u00e9 &nbsp;par perle.<\/p>\n\n\n\n<p>* Un beau collier demande un bon fermoir. &nbsp;On pr\u00e9f\u00e8re un fermoir en or ou en argent, de bonne qualit\u00e9 pour \u00e9viter le risque de perte.<\/p>\n","protected":false},"excerpt":{"rendered":"<p>Les perles sont une mati\u00e8re organique qui doivent toujours garder une certaine humidit\u00e9. &nbsp;Elles sont plus douces que les m\u00e9taux et les pierres pr\u00e9ciauses et demandent un soin attentif. Voici quelques conseils pour garder ses perles en bon \u00e9tat. * On pr\u00e9f\u00e8re un chiffon doux ou une boite perm\u00e9able \u00e0 l&#8217;air (surtout pas en plastique) * On \u00e9vite le contact directe avec d&#8217;autres m\u00e9taux ou bijoux pour \u00e9viter tout frottement. * Le plus grand ennemi des perles sont des produits agressifs comme les cosm\u00e9tiques, acides, etc. * Bien que les perles sortent de la mer, c&#8217;est inutile \u00e0 dire que&#8230; <\/p>\n","protected":false},"author":1,"featured_media":0,"parent":0,"menu_order":0,"comment_status":"closed","ping_status":"closed","template":"","meta":{"ngg_post_thumbnail":0,"footnotes":""},"class_list":["post-649","page","type-page","status-publish","hentry"],"_links":{"self":[{"href":"https:\/\/continentalpearls.be\/site-fr\/wp-json\/wp\/v2\/pages\/649","targetHints":{"allow":["GET"]}}],"collection":[{"href":"https:\/\/continentalpearls.be\/site-fr\/wp-json\/wp\/v2\/pages"}],"about":[{"href":"https:\/\/continentalpearls.be\/site-fr\/wp-json\/wp\/v2\/types\/page"}],"author":[{"embeddable":true,"href":"https:\/\/continentalpearls.be\/site-fr\/wp-json\/wp\/v2\/users\/1"}],"replies":[{"embeddable":true,"href":"https:\/\/continentalpearls.be\/site-fr\/wp-json\/wp\/v2\/comments?post=649"}],"version-history":[{"count":11,"href":"https:\/\/continentalpearls.be\/site-fr\/wp-json\/wp\/v2\/pages\/649\/revisions"}],"predecessor-version":[{"id":1014,"href":"https:\/\/continentalpearls.be\/site-fr\/wp-json\/wp\/v2\/pages\/649\/revisions\/1014"}],"wp:attachment":[{"href":"https:\/\/continentalpearls.be\/site-fr\/wp-json\/wp\/v2\/media?parent=649"}],"curies":[{"name":"wp","href":"https:\/\/api.w.org\/{rel}","templated":true}]}}